{"id":1969,"date":"2024-05-22T22:22:36","date_gmt":"2024-05-22T22:22:36","guid":{"rendered":"https:\/\/petersroad.org\/?page_id=1969"},"modified":"2024-11-06T15:09:34","modified_gmt":"2024-11-06T15:09:34","slug":"awana","status":"publish","type":"page","link":"https:\/\/petersroad.org\/en\/awana\/","title":{"rendered":"Awana"},"content":{"rendered":"<h1>AWANA<\/h1>\n<p style=\"text-align: justify; \"><span style=\"color: rgb(242, 242, 242);\">Awana: Fun, values \u200b\u200band spiritual growth for your children!<br> Worship, Bible teaching, games and much more.<\/span><\/p>\n\n\n\n\n\n\n\n\n\n\n\n<h1>AWANA<\/h1>\n<p style=\"font-size: 20px; text-align: left;\">As parents, we want our children to grow up with good values, integrity and a solid spiritual foundation. That is why every week children ages 2 through 5th grade from the Plantation and surrounding communities, meet at our church <strong>in a safe and secure environment for learning and have lots of fun <\/strong>through the Awana program.<span style=\"font-size:normal;\"><\/span> <\/p>\n<p style=\"font-size: 20px; text-align: left;\">Children <strong>meet in age-appropriate groups on a weekly basis, <\/strong>where they have worship time, Bible teaching\/Scripture memorization and game time. <br><\/p>\n<p style=\"font-size: 20px; text-align: left;\">El acr\u00f3nimo Awana se deriva del texto b\u00edblico en 2 Timoteo 2:15: \u00abObreros Aprobados No Ser\u00e1n Avergonzados\u00bb (Approved Workmen Are Not Ashamed) y, como peque\u00f1os obreros, nuestros ni\u00f1os son recompensados por memorizar la Palabra de Dios al recitar sus vers\u00edculos con sus l\u00edderes cada semana.<br><\/p>\n\n\n\n\n\n\n<h1>Join<\/h1>\n<h1>our community<\/h1>\n\n\n<p style=\"font-size: 20px; text-align: left;\">If you want to get more information, feel free to use the contact methods at the bottom of the page or send a message through our form.<br><\/p>\n\n\n\n\n\n<div class=\"wpcf7 no-js\" id=\"wpcf7-f2002-o1\" lang=\"en-US\" dir=\"ltr\" data-wpcf7-id=\"2002\">\n<div class=\"screen-reader-response\"><p role=\"status\" aria-live=\"polite\" aria-atomic=\"true\"><\/p> <ul><\/ul><\/div>\n<form action=\"\/en\/wp-json\/wp\/v2\/pages\/1969#wpcf7-f2002-o1\" method=\"post\" class=\"wpcf7-form init\" aria-label=\"Contact form\" novalidate=\"novalidate\" data-status=\"init\" data-trp-original-action=\"\/en\/wp-json\/wp\/v2\/pages\/1969#wpcf7-f2002-o1\">\n<div style=\"display: none;\">\n<input type=\"hidden\" name=\"_wpcf7\" value=\"2002\" \/>\n<input type=\"hidden\" name=\"_wpcf7_version\" value=\"6.0.6\" \/>\n<input type=\"hidden\" name=\"_wpcf7_locale\" value=\"en_US\" \/>\n<input type=\"hidden\" name=\"_wpcf7_unit_tag\" value=\"wpcf7-f2002-o1\" \/>\n<input type=\"hidden\" name=\"_wpcf7_container_post\" value=\"0\" \/>\n<input type=\"hidden\" name=\"_wpcf7_posted_data_hash\" value=\"\" \/>\n<input type=\"hidden\" name=\"_wpcf7dtx_version\" value=\"5.0.3\" \/>\n<\/div>\n<label>Name <span class=\"lt-span-required\">*<\/span> <\/label>\n<div class=\"lt-form-row\">\n   <div class=\"lt-form-col lt-form-col-50\"><div class=\"form-group lt-your-name\"><input class=\"wpcf7-form-control wpcf7-text wpcf7-validates-as-required pagelayer-contact_item form-control\" name=\"lt-your-name\" type=\"text\" value=\"\" placeholder=\"Name\" aria-invalid=\"false\" aria-required=\"true\" required><\/div><\/div>\n   <div class=\"lt-form-col lt-form-col-50\"><div class=\"form-group lt-last-name\"><input class=\"wpcf7-form-control wpcf7-text wpcf7-validates-as-required pagelayer-contact_item form-control\" name=\"lt-last-name\" type=\"text\" value=\"\" placeholder=\"Last Name\" aria-invalid=\"false\" aria-required=\"true\" required><\/div> <\/div>\n<\/div>\n\n<label>Email <span class=\"lt-span-required\">*<\/span><\/label>\n<div class=\"lt-form-row\">\n   <div class=\"lt-form-col\"><div class=\"form-group lt-your-email\"><input class=\"wpcf7-form-control wpcf7-email wpcf7-validates-as-required wpcf7-text wpcf7-validates-as-email pagelayer-contact_item form-control\" name=\"lt-your-email\" type=\"email\" value=\"\" placeholder=\"Email\" aria-invalid=\"false\" aria-required=\"true\" required><\/div> <\/div>\n<\/div>\n\n<label> Phone <span class=\"lt-span-required\">*<\/span><\/label>\n<div class=\"lt-form-row\">   \n   <div class=\"lt-form-col\"><div class=\"form-group lt-phone-number\"><input class=\"wpcf7-form-control wpcf7-tel wpcf7-validates-as-required wpcf7-text wpcf7-validates-as-tel pagelayer-contact_item form-control\" name=\"lt-phone-number\" type=\"tel\" value=\"\" placeholder=\"Phone\" aria-invalid=\"false\" aria-required=\"true\" required><\/div><\/div>\n<\/div>\n\n<label> Contact Purpose <span class=\"lt-span-required\">*<\/span> <\/label>\n<div class=\"lt-form-row\">\n   <div class=\"lt-form-col\"> <div class=\"form-group lt-prayer\"><textarea class=\"wpcf7-form-control wpcf7-textarea wpcf7-validates-as-required form-control\" name=\"lt-prayer\" rows=\"4\" aria-invalid=\"false\" aria-required=\"true\" required><\/textarea><\/div> <\/div>\n<\/div>\n\n<label> Your email will be sent to: <\/label>\n<div class=\"lt-form-row\">\n   <div class=\"lt-form-col\"> <span class=\"wpcf7-form-control-wrap dynamic-dest\" data-name=\"dynamic-dest\"><select dtx-default=\"awana\" name=\"dynamic-dest\" class=\"wpcf7-form-control wpcf7-select wpcf7dtx wpcf7dtx-select form-control\" aria-invalid=\"false\" required=\"required\" size=\"1\"><option value=\"grupos-en-comunidad\">info@petersroad.org<\/option><option value=\"misiones\">info@petersroad.org<\/option><option value=\"mujeres\">info@petersroad.org<\/option><option value=\"awana\" selected>info@petersroad.org<\/option><option value=\"kidz-korner\">info@petersroad.org<\/option><option value=\"jovenes-en-accion\">info@petersroad.org<\/option><option value=\"dar\">info@petersroad.org<\/option><\/select><\/span> <\/div>\n<\/div>\n\n<span class=\"wpcf7-form-control-wrap hidden-dest\" data-name=\"hidden-dest\"><input type=\"hidden\" name=\"hidden-dest\" class=\"wpcf7-form-control wpcf7-hidden wpcf7dtx wpcf7dtx-hidden\" aria-invalid=\"false\" value=\"info@petersroad.org\"><\/span>\n\n<div class=\"form-group\"><div><input class=\"wpcf7-form-control wpcf7-submit btn btn-primary\" type=\"submit\" value=\"Submit\"><\/div><\/div><p style=\"display: none !important;\" class=\"akismet-fields-container\" data-prefix=\"_wpcf7_ak_\"><label>&#916;<textarea name=\"_wpcf7_ak_hp_textarea\" cols=\"45\" rows=\"8\" maxlength=\"100\"><\/textarea><\/label><input type=\"hidden\" id=\"ak_js_1\" name=\"_wpcf7_ak_js\" value=\"111\"\/><script>document.getElementById( \"ak_js_1\" ).setAttribute( \"value\", ( new Date() ).getTime() );<\/script><\/p><input type='hidden' class='wpcf7-pum' value='{\"closepopup\":false,\"closedelay\":0,\"openpopup\":false,\"openpopup_id\":0}' \/><div class=\"wpcf7-response-output alert alert-warning\"><\/div>\n<input type=\"hidden\" name=\"trp-form-language\" value=\"en\"\/><\/form>\n<\/div>","protected":false},"excerpt":{"rendered":"","protected":false},"author":1,"featured_media":0,"parent":0,"menu_order":1,"comment_status":"closed","ping_status":"closed","template":"","meta":{"pagelayer_contact_templates":[],"_pagelayer_content":"","footnotes":""},"class_list":["post-1969","page","type-page","status-publish","hentry"],"_links":{"self":[{"href":"https:\/\/petersroad.org\/en\/wp-json\/wp\/v2\/pages\/1969","targetHints":{"allow":["GET"]}}],"collection":[{"href":"https:\/\/petersroad.org\/en\/wp-json\/wp\/v2\/pages"}],"about":[{"href":"https:\/\/petersroad.org\/en\/wp-json\/wp\/v2\/types\/page"}],"author":[{"embeddable":true,"href":"https:\/\/petersroad.org\/en\/wp-json\/wp\/v2\/users\/1"}],"replies":[{"embeddable":true,"href":"https:\/\/petersroad.org\/en\/wp-json\/wp\/v2\/comments?post=1969"}],"version-history":[{"count":83,"href":"https:\/\/petersroad.org\/en\/wp-json\/wp\/v2\/pages\/1969\/revisions"}],"predecessor-version":[{"id":3369,"href":"https:\/\/petersroad.org\/en\/wp-json\/wp\/v2\/pages\/1969\/revisions\/3369"}],"wp:attachment":[{"href":"https:\/\/petersroad.org\/en\/wp-json\/wp\/v2\/media?parent=1969"}],"curies":[{"name":"wp","href":"https:\/\/api.w.org\/{rel}","templated":true}]}}